{"id":339,"date":"2020-11-09T14:10:16","date_gmt":"2020-11-09T13:10:16","guid":{"rendered":"https:\/\/bhd-roma.pl\/contact-details\/"},"modified":"2020-11-18T10:19:44","modified_gmt":"2020-11-18T09:19:44","slug":"contact-details","status":"publish","type":"page","link":"https:\/\/bhd-roma.pl\/en\/contact-details\/","title":{"rendered":"Contact us"},"content":{"rendered":"<p>[et_pb_section fb_built=&#8221;1&#8243; custom_padding_last_edited=&#8221;on|phone&#8221; _builder_version=&#8221;4.6.6&#8243; _module_preset=&#8221;default&#8221; background_color=&#8221;#c3996b&#8221; use_background_color_gradient=&#8221;on&#8221; background_color_gradient_start=&#8221;rgba(0,147,0,0.75)&#8221; background_color_gradient_end=&#8221;rgba(0,0,0,0)&#8221; background_color_gradient_direction=&#8221;90deg&#8221; background_color_gradient_start_position=&#8221;35%&#8221; background_color_gradient_end_position=&#8221;35%&#8221; background_color_gradient_overlays_image=&#8221;on&#8221; background_image=&#8221;https:\/\/bhd-roma.pl\/wp-content\/uploads\/2020\/10\/kontakt-tlo.jpg&#8221; custom_padding=&#8221;0vw||0px||false|false&#8221; custom_padding_tablet=&#8221;30vw||||false|false&#8221; custom_padding_phone=&#8221;40vw||10vw||false|false&#8221;][et_pb_row column_structure=&#8221;1_2,1_2&#8243; _builder_version=&#8221;4.6.6&#8243; _module_preset=&#8221;default&#8221; custom_padding=&#8221;80px||80px||true|&#8221;][et_pb_column type=&#8221;1_2&#8243; _builder_version=&#8221;4.6.6&#8243; _module_preset=&#8221;default&#8221;]<\/p>\n<p>[et_pb_post_title meta=&#8221;off&#8221; featured_image=&#8221;off&#8221; _builder_version=&#8221;4.6.6&#8243; _module_preset=&#8221;default&#8221; title_font=&#8221;|800|||||||&#8221; title_text_color=&#8221;#ffffff&#8221; title_font_size=&#8221;30px&#8221; title_line_height=&#8221;2em&#8221;][\/et_pb_post_title]<\/p>\n<p>[\/et_pb_column][et_pb_column type=&#8221;1_2&#8243; _builder_version=&#8221;4.6.6&#8243; _module_preset=&#8221;default&#8221;][\/et_pb_column][\/et_pb_row][\/et_pb_section][et_pb_section fb_built=&#8221;1&#8243; custom_padding_last_edited=&#8221;on|phone&#8221; module_id=&#8221;contact details&#8221; _builder_version=&#8221;4.6.6&#8243; _module_preset=&#8221;default&#8221; custom_padding=&#8221;70px||60px|||&#8221; custom_padding_tablet=&#8221;&#8221; custom_padding_phone=&#8221;7vw||60px||false|false&#8221;][et_pb_row column_structure=&#8221;2_5,3_5&#8243; _builder_version=&#8221;4.6.6&#8243; _module_preset=&#8221;default&#8221;][et_pb_column type=&#8221;2_5&#8243; _builder_version=&#8221;4.6.6&#8243; _module_preset=&#8221;default&#8221;][et_pb_text _builder_version=&#8221;4.6.6&#8243; _module_preset=&#8221;default&#8221; text_text_color=&#8221;#5b3925&#8243; text_font_size=&#8221;16px&#8221; header_3_font=&#8221;|800|||||||&#8221; width_tablet=&#8221;80%&#8221; width_phone=&#8221;90%&#8221; width_last_edited=&#8221;on|phone&#8221; module_alignment=&#8221;center&#8221; custom_margin=&#8221;||1vw||false|false&#8221; custom_margin_tablet=&#8221;||3vw||false|false&#8221; custom_margin_phone=&#8221;||5vw||false|false&#8221; custom_margin_last_edited=&#8221;on|phone&#8221;]<\/p>\n<h3>Contact us<\/h3>\n<p>[\/et_pb_text][et_pb_blurb title=&#8221;office@bhd-roma.pl&#8221; use_icon=&#8221;on&#8221; font_icon=&#8221;%%238%%&#8221; icon_color=&#8221;#c3996b&#8221; icon_placement=&#8221;left&#8221; _builder_version=&#8221;4.6.6&#8243; _module_preset=&#8221;default&#8221; custom_margin=&#8221;||2.3vw||false|false&#8221; custom_margin_tablet=&#8221;||4vw||false|false&#8221; custom_margin_phone=&#8221;||6vw||false|false&#8221; custom_margin_last_edited=&#8221;on|phone&#8221; custom_css_blurb_title=&#8221;text-transform:none;||margin-top:6px;&#8221;][\/et_pb_blurb][et_pb_blurb title=&#8221;maciej@bhd-roma.pl&#8221; use_icon=&#8221;on&#8221; font_icon=&#8221;%%238%%&#8221; icon_color=&#8221;#c3996b&#8221; icon_placement=&#8221;left&#8221; _builder_version=&#8221;4.6.6&#8243; _module_preset=&#8221;default&#8221; custom_margin=&#8221;||2.3vw||false|false&#8221; custom_margin_tablet=&#8221;||4vw||false|false&#8221; custom_margin_phone=&#8221;||6vw||false|false&#8221; custom_margin_last_edited=&#8221;on|phone&#8221; custom_css_blurb_title=&#8221;text-transform:none;||margin-top:6px;&#8221;][\/et_pb_blurb][et_pb_blurb title=&#8221;milosz@bhd-roma.pl&#8221; use_icon=&#8221;on&#8221; font_icon=&#8221;%%238%%&#8221; icon_color=&#8221;#c3996b&#8221; icon_placement=&#8221;left&#8221; _builder_version=&#8221;4.6.6&#8243; _module_preset=&#8221;default&#8221; custom_margin=&#8221;||2.3vw||false|false&#8221; custom_margin_tablet=&#8221;||4vw||false|false&#8221; custom_margin_phone=&#8221;||6vw||false|false&#8221; custom_margin_last_edited=&#8221;on|phone&#8221; custom_css_blurb_title=&#8221;text-transform:none;||margin-top:6px;&#8221;][\/et_pb_blurb][et_pb_blurb title=&#8221;+48 577 188 899&#8243; use_icon=&#8221;on&#8221; font_icon=&#8221;%%104%%&#8221; icon_color=&#8221;#c3996b&#8221; icon_placement=&#8221;left&#8221; _builder_version=&#8221;4.6.6&#8243; _module_preset=&#8221;default&#8221; custom_margin=&#8221;||2.3vw||false|false&#8221; custom_margin_tablet=&#8221;||4vw||false|false&#8221; custom_margin_phone=&#8221;||7vw||false|false&#8221; custom_margin_last_edited=&#8221;on|phone&#8221; hover_enabled=&#8221;0&#8243; custom_css_blurb_title=&#8221;text-transform:none;||margin-top:6px;&#8221; sticky_enabled=&#8221;0&#8243;][\/et_pb_blurb][et_pb_blurb title=&#8221;+48 602 132 547&#8243; use_icon=&#8221;on&#8221; font_icon=&#8221;%%104%%&#8221; icon_color=&#8221;#c3996b&#8221; icon_placement=&#8221;left&#8221; _builder_version=&#8221;4.6.6&#8243; _module_preset=&#8221;default&#8221; custom_margin=&#8221;||2.3vw||false|false&#8221; custom_margin_tablet=&#8221;||4vw||false|false&#8221; custom_margin_phone=&#8221;||7vw||false|false&#8221; custom_margin_last_edited=&#8221;on|phone&#8221; custom_css_blurb_title=&#8221;text-transform:none;||margin-top:6px;&#8221;][\/et_pb_blurb][et_pb_blurb use_icon=&#8221;on&#8221; font_icon=&#8221;%%250%%&#8221; icon_color=&#8221;#c3996b&#8221; icon_placement=&#8221;left&#8221; _builder_version=&#8221;4.6.6&#8243; _module_preset=&#8221;default&#8221; body_font=&#8221;|700|||||||&#8221; body_text_color=&#8221;#41291f&#8221; body_font_size=&#8221;18px&#8221; body_line_height=&#8221;1.4em&#8221; custom_margin=&#8221;||2.3vw||false|false&#8221; custom_margin_tablet=&#8221;||4vw||false|false&#8221; custom_margin_phone=&#8221;||7vw||false|false&#8221; custom_margin_last_edited=&#8221;on|phone&#8221; custom_css_blurb_title=&#8221;text-transform:none;||margin-top:6px;&#8221;]<\/p>\n<p>BHD ROMA<br \/>Klasztorna 21 C st.<br \/>62-130 Go\u0142a\u0144cz<\/p>\n<p>[\/et_pb_blurb][\/et_pb_column][et_pb_column type=&#8221;3_5&#8243; _builder_version=&#8221;4.6.6&#8243; _module_preset=&#8221;default&#8221;][et_pb_contact_form email=&#8221;kontakt@bhd-roma.pl&#8221; title=&#8221;Contact form&#8221; custom_message=&#8221;Message from the website from:||et_pb_line_break_holder||%%Name%% &lt;%%Email%%&gt;||et_pb_line_break_holder||Phone number: %%telefon%%||et_pb_line_break_holder||||et_pb_line_break_holder||Subject: %%temat%%||et_pb_line_break_holder||Message content:||et_pb_line_break_holder||%%Message%%||et_pb_line_break_holder||||et_pb_line_break_holder||Consents expressed by the author:||et_pb_line_break_holder||%%rodo%%&#8221; success_message=&#8221;Thank you for sending the message. We will get back to you as soon as possible.&#8221; submit_button_text=&#8221;Send a message&#8221; _builder_version=&#8221;4.6.6&#8243; _module_preset=&#8221;default&#8221; form_field_background_color=&#8221;#f9f5f0&#8243; form_field_text_color=&#8221;#5b3925&#8243; form_field_focus_background_color=&#8221;#ffffff&#8221; form_field_focus_text_color=&#8221;#41291f&#8221; title_font=&#8221;|800|||||||&#8221; title_text_color=&#8221;#41291f&#8221; title_font_size=&#8221;22px&#8221; captcha_font=&#8221;||||||||&#8221; captcha_text_color=&#8221;#5b3925&#8243; captcha_font_size=&#8221;16px&#8221; captcha_letter_spacing=&#8221;1px&#8221; form_field_font_size=&#8221;16px&#8221; form_field_line_height=&#8221;1.4em&#8221; custom_button=&#8221;on&#8221; button_bg_use_color_gradient=&#8221;on&#8221; button_bg_color_gradient_start=&#8221;#5dbf5d&#8221; button_bg_color_gradient_end=&#8221;#009300&#8243; button_bg_color_gradient_direction=&#8221;152deg&#8221; button_bg_color_gradient_start_position=&#8221;30%&#8221; button_icon=&#8221;%%238%%&#8221; button_custom_padding=&#8221;0px|50px|0px|50px|true|true&#8221; border_radii=&#8221;on|6px|6px|6px|6px&#8221; border_width_all=&#8221;1px&#8221; border_color_all=&#8221;#c3996b&#8221;][et_pb_contact_field field_id=&#8221;Name&#8221; field_title=&#8221;Name&#8221; _builder_version=&#8221;3.16&#8243; button_text_size__hover_enabled=&#8221;off&#8221; button_one_text_size__hover_enabled=&#8221;off&#8221; button_two_text_size__hover_enabled=&#8221;off&#8221; button_text_color__hover_enabled=&#8221;off&#8221; button_one_text_color__hover_enabled=&#8221;off&#8221; button_two_text_color__hover_enabled=&#8221;off&#8221; button_border_width__hover_enabled=&#8221;off&#8221; button_one_border_width__hover_enabled=&#8221;off&#8221; button_two_border_width__hover_enabled=&#8221;off&#8221; button_border_color__hover_enabled=&#8221;off&#8221; button_one_border_color__hover_enabled=&#8221;off&#8221; button_two_border_color__hover_enabled=&#8221;off&#8221; button_border_radius__hover_enabled=&#8221;off&#8221; button_one_border_radius__hover_enabled=&#8221;off&#8221; button_two_border_radius__hover_enabled=&#8221;off&#8221; button_letter_spacing__hover_enabled=&#8221;off&#8221; button_one_letter_spacing__hover_enabled=&#8221;off&#8221; button_two_letter_spacing__hover_enabled=&#8221;off&#8221; button_bg_color__hover_enabled=&#8221;off&#8221; button_one_bg_color__hover_enabled=&#8221;off&#8221; button_two_bg_color__hover_enabled=&#8221;off&#8221;][\/et_pb_contact_field][et_pb_contact_field field_id=&#8221;Email&#8221; field_title=&#8221;E-mail address&#8221; field_type=&#8221;email&#8221; _builder_version=&#8221;3.16&#8243; button_text_size__hover_enabled=&#8221;off&#8221; button_one_text_size__hover_enabled=&#8221;off&#8221; button_two_text_size__hover_enabled=&#8221;off&#8221; button_text_color__hover_enabled=&#8221;off&#8221; button_one_text_color__hover_enabled=&#8221;off&#8221; button_two_text_color__hover_enabled=&#8221;off&#8221; button_border_width__hover_enabled=&#8221;off&#8221; button_one_border_width__hover_enabled=&#8221;off&#8221; button_two_border_width__hover_enabled=&#8221;off&#8221; button_border_color__hover_enabled=&#8221;off&#8221; button_one_border_color__hover_enabled=&#8221;off&#8221; button_two_border_color__hover_enabled=&#8221;off&#8221; button_border_radius__hover_enabled=&#8221;off&#8221; button_one_border_radius__hover_enabled=&#8221;off&#8221; button_two_border_radius__hover_enabled=&#8221;off&#8221; button_letter_spacing__hover_enabled=&#8221;off&#8221; button_one_letter_spacing__hover_enabled=&#8221;off&#8221; button_two_letter_spacing__hover_enabled=&#8221;off&#8221; button_bg_color__hover_enabled=&#8221;off&#8221; button_one_bg_color__hover_enabled=&#8221;off&#8221; button_two_bg_color__hover_enabled=&#8221;off&#8221;][\/et_pb_contact_field][et_pb_contact_field field_id=&#8221;telefon&#8221; field_title=&#8221;Phone Number&#8221; allowed_symbols=&#8221;numbers&#8221; _builder_version=&#8221;4.6.6&#8243; _module_preset=&#8221;default&#8221;][\/et_pb_contact_field][et_pb_contact_field field_id=&#8221;temat&#8221; field_title=&#8221;Subject&#8221; _builder_version=&#8221;4.6.6&#8243; _module_preset=&#8221;default&#8221;][\/et_pb_contact_field][et_pb_contact_field field_id=&#8221;Message&#8221; field_title=&#8221;Message content&#8230;&#8221; field_type=&#8221;text&#8221; fullwidth_field=&#8221;on&#8221; _builder_version=&#8221;4.6.6&#8243; button_text_size__hover_enabled=&#8221;off&#8221; button_one_text_size__hover_enabled=&#8221;off&#8221; button_two_text_size__hover_enabled=&#8221;off&#8221; button_text_color__hover_enabled=&#8221;off&#8221; button_one_text_color__hover_enabled=&#8221;off&#8221; button_two_text_color__hover_enabled=&#8221;off&#8221; button_border_width__hover_enabled=&#8221;off&#8221; button_one_border_width__hover_enabled=&#8221;off&#8221; button_two_border_width__hover_enabled=&#8221;off&#8221; button_border_color__hover_enabled=&#8221;off&#8221; button_one_border_color__hover_enabled=&#8221;off&#8221; button_two_border_color__hover_enabled=&#8221;off&#8221; button_border_radius__hover_enabled=&#8221;off&#8221; button_one_border_radius__hover_enabled=&#8221;off&#8221; button_two_border_radius__hover_enabled=&#8221;off&#8221; button_letter_spacing__hover_enabled=&#8221;off&#8221; button_one_letter_spacing__hover_enabled=&#8221;off&#8221; button_two_letter_spacing__hover_enabled=&#8221;off&#8221; button_bg_color__hover_enabled=&#8221;off&#8221; button_one_bg_color__hover_enabled=&#8221;off&#8221; button_two_bg_color__hover_enabled=&#8221;off&#8221;][\/et_pb_contact_field][et_pb_contact_field field_id=&#8221;rodo&#8221; field_title=&#8221; &#8221; field_type=&#8221;checkbox&#8221; checkbox_options=&#8221;%91{%22value%22:%22I consent to the processing of my personal data, including: name and surname, telephone number, e-mail address by the Data Administrator, BHD ROMA Mi\u0142osz Marynowski with its registered office at 62-130 Go\u0142a\u0144cz, ul. Klasztorna 21C, entered into the Register of Entrepreneurs under number NIP (Tax Identification number): 7661927542, REGON: 301673855 for information and marketing purposes. I provide personal data voluntarily and declare that they are true. I have read the content of the information clause, including information about the purpose and methods of processing personal data and the right to access my data and the right to correct it.%22,%22checked%22:0,%22dragID%22:-1,%22link_url%22:%22%22,%22link_text%22:%22%22},{%22value%22:%22I accept the Privacy Policy%22,%22checked%22:0,%22dragID%22:0,%22link_url%22:%22%22,%22link_text%22:%22%22}%93&#8243; fullwidth_field=&#8221;on&#8221; _builder_version=&#8221;4.6.6&#8243; _module_preset=&#8221;default&#8221; form_field_text_color=&#8221;#5b3925&#8243; form_field_focus_text_color=&#8221;#009300&#8243; form_field_text_align=&#8221;justify&#8221; form_field_font_size=&#8221;13px&#8221; form_field_line_height=&#8221;1.2em&#8221; custom_padding=&#8221;0px||||false|false&#8221;][\/et_pb_contact_field][\/et_pb_contact_form][et_pb_text _builder_version=&#8221;4.6.6&#8243; _dynamic_attributes=&#8221;link_option_url&#8221; _module_preset=&#8221;default&#8221; text_font=&#8221;|700||on|on|||#5dbf5d|&#8221; text_text_color=&#8221;#5dbf5d&#8221; link_option_url=&#8221;@ET-DC@eyJkeW5hbWljIjp0cnVlLCJjb250ZW50IjoicG9zdF9saW5rX3VybF9wYWdlIiwic2V0dGluZ3MiOnsicG9zdF9pZCI6IjMifX0=@&#8221;]<\/p>\n<p>Privacy Policy<\/p>\n<p>[\/et_pb_text][\/et_pb_column][\/et_pb_row][\/et_pb_section][et_pb_section fb_built=&#8221;1&#8243; fullwidth=&#8221;on&#8221; _builder_version=&#8221;4.6.6&#8243; _module_preset=&#8221;default&#8221; custom_margin=&#8221;0px||0px||false|false&#8221; custom_padding=&#8221;0px||0px||false|false&#8221;]<\/p>\n<p>[et_pb_fullwidth_code _builder_version=&#8221;4.6.6&#8243; _module_preset=&#8221;default&#8221; custom_margin=&#8221;0px||0px||false|false&#8221; custom_padding=&#8221;0px||0px||false|false&#8221;]<iframe loading=\"lazy\" style=\"border: 0;\" tabindex=\"0\" src=\"https:\/\/www.google.com\/maps\/embed?pb=!1m18!1m12!1m3!1d2404.1079385274834!2d17.30587661601053!3d52.94648081228692!2m3!1f0!2f0!3f0!3m2!1i1024!2i768!4f13.1!3m3!1m2!1s0x470385a9e8e44443%3A0x18d8cdbb51f7eac8!2sBiuro%20Handlu%20Drewnem%20ROMA!5e0!3m2!1spl!2spl!4v1603356002502!5m2!1spl!2spl\" width=\"100%\" height=\"650\" frameborder=\"0\" allowfullscreen=\"allowfullscreen\" aria-hidden=\"false\"><\/iframe>[\/et_pb_fullwidth_code]<\/p>\n<p>[\/et_pb_section][et_pb_section fb_built=&#8221;1&#8243; custom_padding_last_edited=&#8221;on|phone&#8221; _builder_version=&#8221;4.6.6&#8243; _module_preset=&#8221;default&#8221; background_color=&#8221;#c3996b&#8221; background_image=&#8221;https:\/\/bhd-roma.pl\/wp-content\/uploads\/2020\/10\/cta-bg.jpg&#8221; parallax=&#8221;on&#8221; width=&#8221;100%&#8221; custom_padding=&#8221;7vw||7vw||true|false&#8221; custom_padding_tablet=&#8221;&#8221; custom_padding_phone=&#8221;7vw||60px||false|false&#8221;][et_pb_row column_structure=&#8221;2_3,1_3&#8243; _builder_version=&#8221;4.6.6&#8243; _module_preset=&#8221;default&#8221; background_color=&#8221;#f9f5f0&#8243; custom_padding=&#8221;0px||0px||true|&#8221;][et_pb_column type=&#8221;2_3&#8243; _builder_version=&#8221;4.6.6&#8243; _module_preset=&#8221;default&#8221;][et_pb_blurb title=&#8221;Free consultation and quotation&#8221; url=&#8221;http:\/\/Czytaj%20wi\u0119cej&#8221; image=&#8221;https:\/\/bhd-roma.pl\/wp-content\/uploads\/2020\/10\/darmowa-konsultacja-i-wycena.svg&#8221; content_max_width=&#8221;80%&#8221; content_max_width_tablet=&#8221;80%&#8221; content_max_width_phone=&#8221;80%&#8221; content_max_width_last_edited=&#8221;on|desktop&#8221; _builder_version=&#8221;4.6.6&#8243; _module_preset=&#8221;default&#8221; header_font=&#8221;|800|||||||&#8221; header_text_align=&#8221;center&#8221; header_text_color=&#8221;#41291f&#8221; header_font_size=&#8221;24px&#8221; header_line_height=&#8221;1.1em&#8221; body_text_align=&#8221;center&#8221; custom_margin=&#8221;4vw||||false|false&#8221; custom_margin_tablet=&#8221;&#8221; custom_margin_phone=&#8221;&#8221; custom_margin_last_edited=&#8221;on|desktop&#8221;]<\/p>\n<p>Contact us via the contact form or by calling our representative for an individual offer.<\/p>\n<p>[\/et_pb_blurb][et_pb_button button_url=&#8221;#kontakt&#8221; button_text=&#8221;Contact us&#8221; button_alignment=&#8221;center&#8221; _builder_version=&#8221;4.6.6&#8243; _module_preset=&#8221;default&#8221;][\/et_pb_button][\/et_pb_column][et_pb_column type=&#8221;1_3&#8243; disabled_on=&#8221;on|on|off&#8221; _builder_version=&#8221;4.6.6&#8243; _module_preset=&#8221;default&#8221;][et_pb_image src=&#8221;https:\/\/bhd-roma.pl\/wp-content\/uploads\/2020\/10\/cta-foto.jpg&#8221; title_text=&#8221;cta-foto&#8221; _builder_version=&#8221;4.6.6&#8243; _module_preset=&#8221;default&#8221;][\/et_pb_image][\/et_pb_column][\/et_pb_row][\/et_pb_section][et_pb_section fb_built=&#8221;1&#8243; custom_padding_last_edited=&#8221;on|phone&#8221; _builder_version=&#8221;4.6.6&#8243; _module_preset=&#8221;default&#8221; background_color=&#8221;#f9f5f0&#8243; custom_padding=&#8221;50px||50px||true|false&#8221; custom_padding_tablet=&#8221;&#8221; custom_padding_phone=&#8221;7vw||7vw||true|false&#8221;][et_pb_row column_structure=&#8221;1_2,1_2&#8243; _builder_version=&#8221;4.6.6&#8243; _module_preset=&#8221;default&#8221;][et_pb_column type=&#8221;1_2&#8243; _builder_version=&#8221;4.6.6&#8243; _module_preset=&#8221;default&#8221;][et_pb_image src=&#8221;https:\/\/bhd-roma.pl\/wp-content\/uploads\/2020\/10\/o-firmie3.jpg&#8221; title_text=&#8221;o-firmie3&#8243; show_bottom_space=&#8221;off&#8221; align=&#8221;center&#8221; force_fullwidth=&#8221;on&#8221; _builder_version=&#8221;4.6.6&#8243; _module_preset=&#8221;default&#8221;][\/et_pb_image][et_pb_button button_url=&#8221;@ET-DC@eyJkeW5hbWljIjp0cnVlLCJjb250ZW50IjoicG9zdF9saW5rX3VybF9wYWdlIiwic2V0dGluZ3MiOnsicG9zdF9pZCI6IjE2In19@&#8221; button_text=&#8221;About us&#8221; button_alignment=&#8221;center&#8221; _builder_version=&#8221;4.6.6&#8243; _dynamic_attributes=&#8221;button_url&#8221; _module_preset=&#8221;default&#8221; custom_margin=&#8221;-24px||||false|false&#8221; locked=&#8221;off&#8221;][\/et_pb_button][\/et_pb_column][et_pb_column type=&#8221;1_2&#8243; _builder_version=&#8221;4.6.6&#8243; _module_preset=&#8221;default&#8221;][et_pb_image src=&#8221;https:\/\/bhd-roma.pl\/wp-content\/uploads\/2020\/10\/oferta.jpg&#8221; title_text=&#8221;offer&#8221; show_bottom_space=&#8221;off&#8221; align=&#8221;center&#8221; force_fullwidth=&#8221;on&#8221; _builder_version=&#8221;4.6.6&#8243; _module_preset=&#8221;default&#8221;][\/et_pb_image][et_pb_button button_url=&#8221;@ET-DC@eyJkeW5hbWljIjp0cnVlLCJjb250ZW50IjoicG9zdF9saW5rX3VybF9wYWdlIiwic2V0dGluZ3MiOnsicG9zdF9pZCI6IjE0In19@&#8221; button_text=&#8221;Get to know our offer&#8221; button_alignment=&#8221;center&#8221; _builder_version=&#8221;4.6.6&#8243; _dynamic_attributes=&#8221;button_url&#8221; _module_preset=&#8221;default&#8221; custom_margin=&#8221;-24px||||false|false&#8221; locked=&#8221;off&#8221;][\/et_pb_button][\/et_pb_column][\/et_pb_row][\/et_pb_section]<\/p>\n","protected":false},"excerpt":{"rendered":"<p>Contact usBHD ROMAKlasztorna 21 C st.62-130 Go\u0142a\u0144czPrivacy PolicyContact us via the contact form or by calling our representative for an individual offer.<\/p>\n","protected":false},"author":1,"featured_media":0,"parent":0,"menu_order":0,"comment_status":"closed","ping_status":"closed","template":"","meta":{"_et_pb_use_builder":"on","_et_pb_old_content":"","_et_gb_content_width":"","footnotes":""},"class_list":["post-339","page","type-page","status-publish","hentry"],"yoast_head":"<!-- This site is optimized with the Yoast SEO plugin v26.0 - https:\/\/yoast.com\/wordpress\/plugins\/seo\/ -->\n<title>Contact us - BHD ROMA<\/title>\n<meta name=\"robots\" content=\"index, follow, max-snippet:-1, max-image-preview:large, max-video-preview:-1\" \/>\n<link rel=\"canonical\" href=\"https:\/\/bhd-roma.pl\/kontakt\/\" \/>\n<meta property=\"og:locale\" content=\"en_US\" \/>\n<meta property=\"og:type\" content=\"article\" \/>\n<meta property=\"og:title\" content=\"Contact us - BHD ROMA\" \/>\n<meta property=\"og:description\" content=\"Contact usBHD ROMAKlasztorna 21 C st.62-130 Go\u0142a\u0144czPrivacy PolicyContact us via the contact form or by calling our representative for an individual offer.\" \/>\n<meta property=\"og:url\" content=\"https:\/\/bhd-roma.pl\/kontakt\/\" \/>\n<meta property=\"og:site_name\" content=\"BHD ROMA\" \/>\n<meta property=\"article:modified_time\" content=\"2020-11-18T09:19:44+00:00\" \/>\n<meta name=\"twitter:card\" content=\"summary_large_image\" \/>\n<meta name=\"twitter:label1\" content=\"Est. reading time\" \/>\n\t<meta name=\"twitter:data1\" content=\"11 minutes\" \/>\n<script type=\"application\/ld+json\" class=\"yoast-schema-graph\">{\"@context\":\"https:\/\/schema.org\",\"@graph\":[{\"@type\":\"WebPage\",\"@id\":\"https:\/\/bhd-roma.pl\/kontakt\/\",\"url\":\"https:\/\/bhd-roma.pl\/kontakt\/\",\"name\":\"Contact us - BHD ROMA\",\"isPartOf\":{\"@id\":\"https:\/\/bhd-roma.pl\/#website\"},\"datePublished\":\"2020-11-09T13:10:16+00:00\",\"dateModified\":\"2020-11-18T09:19:44+00:00\",\"breadcrumb\":{\"@id\":\"https:\/\/bhd-roma.pl\/kontakt\/#breadcrumb\"},\"inLanguage\":\"en-US\",\"potentialAction\":[{\"@type\":\"ReadAction\",\"target\":[\"https:\/\/bhd-roma.pl\/kontakt\/\"]}]},{\"@type\":\"BreadcrumbList\",\"@id\":\"https:\/\/bhd-roma.pl\/kontakt\/#breadcrumb\",\"itemListElement\":[{\"@type\":\"ListItem\",\"position\":1,\"name\":\"Homepage\",\"item\":\"https:\/\/bhd-roma.pl\/\"},{\"@type\":\"ListItem\",\"position\":2,\"name\":\"Contact us\"}]},{\"@type\":\"WebSite\",\"@id\":\"https:\/\/bhd-roma.pl\/#website\",\"url\":\"https:\/\/bhd-roma.pl\/\",\"name\":\"BHD ROMA\",\"description\":\"Biuro Handlu Drewnem\",\"potentialAction\":[{\"@type\":\"SearchAction\",\"target\":{\"@type\":\"EntryPoint\",\"urlTemplate\":\"https:\/\/bhd-roma.pl\/?s={search_term_string}\"},\"query-input\":{\"@type\":\"PropertyValueSpecification\",\"valueRequired\":true,\"valueName\":\"search_term_string\"}}],\"inLanguage\":\"en-US\"}]}<\/script>\n<!-- \/ Yoast SEO plugin. -->","yoast_head_json":{"title":"Contact us - BHD ROMA","robots":{"index":"index","follow":"follow","max-snippet":"max-snippet:-1","max-image-preview":"max-image-preview:large","max-video-preview":"max-video-preview:-1"},"canonical":"https:\/\/bhd-roma.pl\/kontakt\/","og_locale":"en_US","og_type":"article","og_title":"Contact us - BHD ROMA","og_description":"Contact usBHD ROMAKlasztorna 21 C st.62-130 Go\u0142a\u0144czPrivacy PolicyContact us via the contact form or by calling our representative for an individual offer.","og_url":"https:\/\/bhd-roma.pl\/kontakt\/","og_site_name":"BHD ROMA","article_modified_time":"2020-11-18T09:19:44+00:00","twitter_card":"summary_large_image","twitter_misc":{"Est. reading time":"11 minutes"},"schema":{"@context":"https:\/\/schema.org","@graph":[{"@type":"WebPage","@id":"https:\/\/bhd-roma.pl\/kontakt\/","url":"https:\/\/bhd-roma.pl\/kontakt\/","name":"Contact us - BHD ROMA","isPartOf":{"@id":"https:\/\/bhd-roma.pl\/#website"},"datePublished":"2020-11-09T13:10:16+00:00","dateModified":"2020-11-18T09:19:44+00:00","breadcrumb":{"@id":"https:\/\/bhd-roma.pl\/kontakt\/#breadcrumb"},"inLanguage":"en-US","potentialAction":[{"@type":"ReadAction","target":["https:\/\/bhd-roma.pl\/kontakt\/"]}]},{"@type":"BreadcrumbList","@id":"https:\/\/bhd-roma.pl\/kontakt\/#breadcrumb","itemListElement":[{"@type":"ListItem","position":1,"name":"Homepage","item":"https:\/\/bhd-roma.pl\/"},{"@type":"ListItem","position":2,"name":"Contact us"}]},{"@type":"WebSite","@id":"https:\/\/bhd-roma.pl\/#website","url":"https:\/\/bhd-roma.pl\/","name":"BHD ROMA","description":"Biuro Handlu Drewnem","potentialAction":[{"@type":"SearchAction","target":{"@type":"EntryPoint","urlTemplate":"https:\/\/bhd-roma.pl\/?s={search_term_string}"},"query-input":{"@type":"PropertyValueSpecification","valueRequired":true,"valueName":"search_term_string"}}],"inLanguage":"en-US"}]}},"_links":{"self":[{"href":"https:\/\/bhd-roma.pl\/en\/wp-json\/wp\/v2\/pages\/339","targetHints":{"allow":["GET"]}}],"collection":[{"href":"https:\/\/bhd-roma.pl\/en\/wp-json\/wp\/v2\/pages"}],"about":[{"href":"https:\/\/bhd-roma.pl\/en\/wp-json\/wp\/v2\/types\/page"}],"author":[{"embeddable":true,"href":"https:\/\/bhd-roma.pl\/en\/wp-json\/wp\/v2\/users\/1"}],"replies":[{"embeddable":true,"href":"https:\/\/bhd-roma.pl\/en\/wp-json\/wp\/v2\/comments?post=339"}],"version-history":[{"count":38,"href":"https:\/\/bhd-roma.pl\/en\/wp-json\/wp\/v2\/pages\/339\/revisions"}],"predecessor-version":[{"id":561,"href":"https:\/\/bhd-roma.pl\/en\/wp-json\/wp\/v2\/pages\/339\/revisions\/561"}],"wp:attachment":[{"href":"https:\/\/bhd-roma.pl\/en\/wp-json\/wp\/v2\/media?parent=339"}],"curies":[{"name":"wp","href":"https:\/\/api.w.org\/{rel}","templated":true}]}}